{"id":6663,"date":"2017-04-20T14:56:27","date_gmt":"2017-04-20T14:56:27","guid":{"rendered":"https:\/\/mediclinic.qodeinteractive.com\/elementor\/?page_id=6663"},"modified":"2022-09-23T11:34:57","modified_gmt":"2022-09-23T17:34:57","slug":"contact-us","status":"publish","type":"page","link":"https:\/\/dentalincbio.com\/es\/contact-us\/","title":{"rendered":"Contacto"},"content":{"rendered":"\t\t<div data-elementor-type=\"wp-page\" data-elementor-id=\"6663\" class=\"elementor elementor-6663\" data-elementor-settings=\"[]\">\n\t\t\t\t\t\t\t<div class=\"elementor-section-wrap\">\n\t\t\t\t\t\t\t<section class=\"elementor-section elementor-top-section elementor-element elementor-element-3599109 elementor-section-full_width mkdf-elementor-row-grid-section mkdf-contact-info elementor-section-height-default elementor-section-height-default mkdf-parallax-row-no mkdf-content-aligment-left mkdf-disabled-bg-image-bellow-no\" data-id=\"3599109\" data-element_type=\"section\" data-settings=\"{&quot;background_background&quot;:&quot;classic&quot;}\">\n\t\t\t\t\t\t<div class=\"elementor-container elementor-column-gap-default\">\n\t\t\t\t\t<div class=\"elementor-column elementor-col-100 elementor-top-column elementor-element elementor-element-19e0cda\" data-id=\"19e0cda\" data-element_type=\"column\">\n\t\t\t<div class=\"elementor-widget-wrap elementor-element-populated\">\n\t\t\t\t\t\t\t\t<section class=\"elementor-section elementor-inner-section elementor-element elementor-element-8c497a8 elementor-section-full_width elementor-section-height-default elementor-section-height-default mkdf-parallax-row-no mkdf-content-aligment-left mkdf-elementor-row-grid-no mkdf-disabled-bg-image-bellow-no\" data-id=\"8c497a8\" data-element_type=\"section\">\n\t\t\t\t\t\t<div class=\"elementor-container elementor-column-gap-default\">\n\t\t\t\t\t<div class=\"elementor-column elementor-col-33 elementor-inner-column elementor-element elementor-element-5986b00\" data-id=\"5986b00\" data-element_type=\"column\">\n\t\t\t<div class=\"elementor-widget-wrap elementor-element-populated\">\n\t\t\t\t\t\t\t\t<div class=\"elementor-element elementor-element-56c2e3f elementor-widget elementor-widget-image\" data-id=\"56c2e3f\" data-element_type=\"widget\" data-widget_type=\"image.default\">\n\t\t\t\t<div class=\"elementor-widget-container\">\n\t\t\t\t\t\t\t\t\t\t\t\t\t\t\t<img decoding=\"async\" width=\"1006\" height=\"585\" data-src=\"https:\/\/dentalincbio.com\/wp-content\/uploads\/2022\/09\/Logo-denta-biodesign-home.png\" class=\"attachment-large size-large lazyload\" alt=\"Logo denta biodesign home\" data-srcset=\"https:\/\/dentalincbio.com\/wp-content\/uploads\/2022\/09\/Logo-denta-biodesign-home.png 1006w, https:\/\/dentalincbio.com\/wp-content\/uploads\/2022\/09\/Logo-denta-biodesign-home-300x174.png 300w, https:\/\/dentalincbio.com\/wp-content\/uploads\/2022\/09\/Logo-denta-biodesign-home-768x447.png 768w, https:\/\/dentalincbio.com\/wp-content\/uploads\/2022\/09\/Logo-denta-biodesign-home-600x349.png 600w\" data-sizes=\"(max-width: 1006px) 100vw, 1006px\" src=\"data:image\/svg+xml;base64,PHN2ZyB3aWR0aD0iMSIgaGVpZ2h0PSIxIiB4bWxucz0iaHR0cDovL3d3dy53My5vcmcvMjAwMC9zdmciPjwvc3ZnPg==\" style=\"--smush-placeholder-width: 1006px; --smush-placeholder-aspect-ratio: 1006\/585;\" \/>\t\t\t\t\t\t\t\t\t\t\t\t\t\t\t<\/div>\n\t\t\t\t<\/div>\n\t\t\t\t<div class=\"elementor-element elementor-element-73cc5d4 elementor-widget elementor-widget-text-editor\" data-id=\"73cc5d4\" data-element_type=\"widget\" data-widget_type=\"text-editor.default\">\n\t\t\t\t<div class=\"elementor-widget-container\">\n\t\t\t\t\t\t\t\t<h5>Matamoros, Tamaulipas. M\u00e9xico<\/h5>\t\t\t\t\t\t<\/div>\n\t\t\t\t<\/div>\n\t\t\t\t<div class=\"elementor-element elementor-element-221c7e1 elementor-widget elementor-widget-text-editor\" data-id=\"221c7e1\" data-element_type=\"widget\" data-widget_type=\"text-editor.default\">\n\t\t\t\t<div class=\"elementor-widget-container\">\n\t\t\t\t\t\t\t\t<p><span class=\"JsGRdQ\">Nardos 7, Colonia Jard\u00edn,<\/span> Heroica Matamoros, Tamaulipas, M\u00e9xico.<\/p><p>Call Us (956) 545-9089.\u00a0<\/p><p><span style=\"color: var( --e-global-color-text ); font-family: var( --e-global-typography-text-font-family ), Sans-serif; font-weight: var( --e-global-typography-text-font-weight );\">Email: hello@dentalincbio.com<\/span><\/p>\t\t\t\t\t\t<\/div>\n\t\t\t\t<\/div>\n\t\t\t\t<div class=\"elementor-element elementor-element-4406102 elementor-widget elementor-widget-text-editor\" data-id=\"4406102\" data-element_type=\"widget\" data-widget_type=\"text-editor.default\">\n\t\t\t\t<div class=\"elementor-widget-container\">\n\t\t\t\t\t\t\t\t\t\t\t\t\t\t<\/div>\n\t\t\t\t<\/div>\n\t\t\t\t<div class=\"elementor-element elementor-element-e8430b1 elementor-widget elementor-widget-text-editor\" data-id=\"e8430b1\" data-element_type=\"widget\" data-widget_type=\"text-editor.default\">\n\t\t\t\t<div class=\"elementor-widget-container\">\n\t\t\t\t\t\t\t\t\t\t\t\t\t\t<\/div>\n\t\t\t\t<\/div>\n\t\t\t\t\t<\/div>\n\t\t<\/div>\n\t\t\t\t<div class=\"elementor-column elementor-col-33 elementor-inner-column elementor-element elementor-element-a94faa0\" data-id=\"a94faa0\" data-element_type=\"column\">\n\t\t\t<div class=\"elementor-widget-wrap elementor-element-populated\">\n\t\t\t\t\t\t\t\t<div class=\"elementor-element elementor-element-5558b56 elementor-widget elementor-widget-text-editor\" data-id=\"5558b56\" data-element_type=\"widget\" data-widget_type=\"text-editor.default\">\n\t\t\t\t<div class=\"elementor-widget-container\">\n\t\t\t\t\t\t\t\t\t\t\t\t\t\t<\/div>\n\t\t\t\t<\/div>\n\t\t\t\t<div class=\"elementor-element elementor-element-a52b254 elementor-widget elementor-widget-text-editor\" data-id=\"a52b254\" data-element_type=\"widget\" data-widget_type=\"text-editor.default\">\n\t\t\t\t<div class=\"elementor-widget-container\">\n\t\t\t\t\t\t\t\t\t\t\t\t\t\t<\/div>\n\t\t\t\t<\/div>\n\t\t\t\t<div class=\"elementor-element elementor-element-f8d5e21 elementor-widget elementor-widget-text-editor\" data-id=\"f8d5e21\" data-element_type=\"widget\" data-widget_type=\"text-editor.default\">\n\t\t\t\t<div class=\"elementor-widget-container\">\n\t\t\t\t\t\t\t\t\t\t\t\t\t\t<\/div>\n\t\t\t\t<\/div>\n\t\t\t\t<div class=\"elementor-element elementor-element-a2430bf elementor-widget elementor-widget-text-editor\" data-id=\"a2430bf\" data-element_type=\"widget\" data-widget_type=\"text-editor.default\">\n\t\t\t\t<div class=\"elementor-widget-container\">\n\t\t\t\t\t\t\t\t\t\t\t\t\t\t<\/div>\n\t\t\t\t<\/div>\n\t\t\t\t\t<\/div>\n\t\t<\/div>\n\t\t\t\t<div class=\"elementor-column elementor-col-33 elementor-inner-column elementor-element elementor-element-3c702ec\" data-id=\"3c702ec\" data-element_type=\"column\">\n\t\t\t<div class=\"elementor-widget-wrap elementor-element-populated\">\n\t\t\t\t\t\t\t\t<div class=\"elementor-element elementor-element-f0cfaed elementor-widget__width-initial elementor-widget elementor-widget-wp-widget-mkdf_contact_form_7_widget\" data-id=\"f0cfaed\" data-element_type=\"widget\" data-widget_type=\"wp-widget-mkdf_contact_form_7_widget.default\">\n\t\t\t\t<div class=\"elementor-widget-container\">\n\t\t\t\t\t<div class=\"widget mkdf-contact-form-7-widget \">\n\t\t\t\t\t\t\n<div class=\"wpcf7 no-js\" id=\"wpcf7-f16316-o1\" lang=\"en-US\" dir=\"ltr\" data-wpcf7-id=\"16316\">\n<div class=\"screen-reader-response\"><p role=\"status\" aria-live=\"polite\" aria-atomic=\"true\"><\/p> <ul><\/ul><\/div>\n<form action=\"\/es\/wp-json\/wp\/v2\/pages\/6663#wpcf7-f16316-o1\" method=\"post\" class=\"wpcf7-form init cf7_custom_style_3\" aria-label=\"Contact form\" novalidate=\"novalidate\" data-status=\"init\">\n<fieldset class=\"hidden-fields-container\"><input type=\"hidden\" name=\"_wpcf7\" value=\"16316\" \/><input type=\"hidden\" name=\"_wpcf7_version\" value=\"6.1.5\" \/><input type=\"hidden\" name=\"_wpcf7_locale\" value=\"en_US\" \/><input type=\"hidden\" name=\"_wpcf7_unit_tag\" value=\"wpcf7-f16316-o1\" \/><input type=\"hidden\" name=\"_wpcf7_container_post\" value=\"0\" \/><input type=\"hidden\" name=\"_wpcf7_posted_data_hash\" value=\"\" \/><input type=\"hidden\" name=\"_wpcf7_recaptcha_response\" value=\"\" \/>\n<\/fieldset>\n<p><label> Your name<br \/>\n<span class=\"wpcf7-form-control-wrap\" data-name=\"your-name\"><input size=\"40\" maxlength=\"400\" class=\"wpcf7-form-control wpcf7-text wpcf7-validates-as-required\" aria-required=\"true\" aria-invalid=\"false\" value=\"\" type=\"text\" name=\"your-name\" \/><\/span> <\/label>\n<\/p>\n<p><label> Your email<br \/>\n<span class=\"wpcf7-form-control-wrap\" data-name=\"your-email\"><input size=\"40\" maxlength=\"400\" class=\"wpcf7-form-control wpcf7-email wpcf7-validates-as-required wpcf7-text wpcf7-validates-as-email\" aria-required=\"true\" aria-invalid=\"false\" value=\"\" type=\"email\" name=\"your-email\" \/><\/span> <\/label>\n<\/p>\n<p><label> Your Phone<br \/>\n<span class=\"wpcf7-form-control-wrap\" data-name=\"your-tel\"><input size=\"40\" maxlength=\"400\" class=\"wpcf7-form-control wpcf7-tel wpcf7-validates-as-required wpcf7-text wpcf7-validates-as-tel\" aria-required=\"true\" aria-invalid=\"false\" value=\"\" type=\"tel\" name=\"your-tel\" \/><\/span> <\/label>\n<\/p>\n<p><label> Select Treatment<br \/>\n<span class=\"wpcf7-form-control-wrap\" data-name=\"your-treatment\"><select class=\"wpcf7-form-control wpcf7-select wpcf7-validates-as-required\" aria-required=\"true\" aria-invalid=\"false\" name=\"your-treatment\"><option value=\"Select treatment\">Select treatment<\/option><option value=\"Cleaning\">Cleaning<\/option><option value=\"Implants\">Implants<\/option><option value=\"All on 4\">All on 4<\/option><option value=\"Snap a Denture\">Snap a Denture<\/option><option value=\"Smile Design\">Smile Design<\/option><option value=\"Veneers\">Veneers<\/option><option value=\"Crowns\">Crowns<\/option><option value=\"Dentures\">Dentures<\/option><option value=\"Mouthguard\">Mouthguard<\/option><option value=\"Root canal\">Root canal<\/option><option value=\"Braces\">Braces<\/option><option value=\"Invisible Aligners\">Invisible Aligners<\/option><option value=\"Periodontal diseases\">Periodontal diseases<\/option><option value=\"Extractions\">Extractions<\/option><option value=\"Surgeries\">Surgeries<\/option><\/select><\/span><\/label>\n<\/p>\n<p><label> Your message (optional)<br \/>\n<span class=\"wpcf7-form-control-wrap\" data-name=\"your-message\"><textarea cols=\"40\" rows=\"10\" maxlength=\"2000\" class=\"wpcf7-form-control wpcf7-textarea\" aria-invalid=\"false\" name=\"your-message\"><\/textarea><\/span> <\/label>\n<\/p>\n<p><input class=\"wpcf7-form-control wpcf7-submit has-spinner\" type=\"submit\" value=\"Submit\" \/>\n<\/p><div class=\"wpcf7-response-output\" aria-hidden=\"true\"><\/div>\n<\/form>\n<\/div>\n\t\t<\/div>\n\t\t\t\t<\/div>\n\t\t\t\t<\/div>\n\t\t\t\t\t<\/div>\n\t\t<\/div>\n\t\t\t\t\t\t\t<\/div>\n\t\t<\/section>\n\t\t\t\t\t<\/div>\n\t\t<\/div>\n\t\t\t\t\t\t\t<\/div>\n\t\t<\/section>\n\t\t\t\t<section class=\"elementor-section elementor-top-section elementor-element elementor-element-570d285 elementor-section-full_width elementor-section-height-default elementor-section-height-default mkdf-parallax-row-no mkdf-content-aligment-left mkdf-elementor-row-grid-no mkdf-disabled-bg-image-bellow-no\" data-id=\"570d285\" data-element_type=\"section\">\n\t\t\t\t\t\t<div class=\"elementor-container elementor-column-gap-default\">\n\t\t\t\t\t<div class=\"elementor-column elementor-col-100 elementor-top-column elementor-element elementor-element-1c49020\" data-id=\"1c49020\" data-element_type=\"column\">\n\t\t\t<div class=\"elementor-widget-wrap elementor-element-populated\">\n\t\t\t\t\t\t\t\t<div class=\"elementor-element elementor-element-f1950d7 elementor-widget elementor-widget-mkdf_google_map\" data-id=\"f1950d7\" data-element_type=\"widget\" data-widget_type=\"mkdf_google_map.default\">\n\t\t\t\t<div class=\"elementor-widget-container\">\n\t\t\t<div class=\"mkdf-google-map-holder\">\n\t<div class=\"mkdf-google-map\" id=\"mkdf-map-1416758\" data-addresses='[\"Nardos 7, Colonia Jard\u00edn, Heroica Matamoros, Tamaulipas, M\u00e9xico.\"]' data-custom-map-style=yes data-color-overlay=#FFFFFF data-saturation=-100 data-lightness=10 data-zoom=15 data-pin=https:\/\/dentalincbio.com\/wp-content\/uploads\/2017\/04\/h2-map-pin.png data-unique-id=1416758 data-scroll-wheel=no data-height=600><\/div>\n\t\t\t<div class=\"mkdf-google-map-overlay\"><\/div>\n\t<\/div>\n\t\t<\/div>\n\t\t\t\t<\/div>\n\t\t\t\t\t<\/div>\n\t\t<\/div>\n\t\t\t\t\t\t\t<\/div>\n\t\t<\/section>\n\t\t\t\t\t\t<\/div>\n\t\t\t\t\t<\/div>\n\t\t","protected":false},"excerpt":{"rendered":"<p>Matamoros, Tamaulipas. M\u00e9xico Nardos 7, Colonia Jard\u00edn, Heroica Matamoros, Tamaulipas, M\u00e9xico. Call Us (956) 545-9089.\u00a0 Email: hello@dentalincbio.com<\/p>","protected":false},"author":1,"featured_media":0,"parent":0,"menu_order":0,"comment_status":"closed","ping_status":"closed","template":"full-width.php","meta":{"footnotes":""},"class_list":["post-6663","page","type-page","status-publish","hentry"],"yoast_head":"<!-- This site is optimized with the Yoast SEO plugin v27.3 - https:\/\/yoast.com\/product\/yoast-seo-wordpress\/ -->\n<title>Contact Us - Dental Inc Biodesign<\/title>\n<meta name=\"robots\" content=\"index, follow, max-snippet:-1, max-image-preview:large, max-video-preview:-1\" \/>\n<link rel=\"canonical\" href=\"https:\/\/dentalincbio.com\/es\/contact-us\/\" \/>\n<meta property=\"og:locale\" content=\"es_MX\" \/>\n<meta property=\"og:type\" content=\"article\" \/>\n<meta property=\"og:title\" content=\"Contact Us - Dental Inc Biodesign\" \/>\n<meta property=\"og:description\" content=\"Matamoros, Tamaulipas. M\u00e9xico Nardos 7, Colonia Jard\u00edn, Heroica Matamoros, Tamaulipas, M\u00e9xico. Call Us (956) 545-9089.\u00a0 Email: hello@dentalincbio.com\" \/>\n<meta property=\"og:url\" content=\"https:\/\/dentalincbio.com\/es\/contact-us\/\" \/>\n<meta property=\"og:site_name\" content=\"Dental Inc Biodesign\" \/>\n<meta property=\"article:publisher\" content=\"https:\/\/www.facebook.com\/dentalbiodesign\/\" \/>\n<meta property=\"article:modified_time\" content=\"2022-09-23T17:34:57+00:00\" \/>\n<meta property=\"og:image\" content=\"http:\/\/dentalincbio.com\/wp-content\/uploads\/2022\/09\/Logo-denta-biodesign-home.png\" \/>\n<meta name=\"twitter:card\" content=\"summary_large_image\" \/>\n<meta name=\"twitter:site\" content=\"@dental_inc_mat\" \/>\n<meta name=\"twitter:label1\" content=\"Tiempo de lectura\" \/>\n\t<meta name=\"twitter:data1\" content=\"9 minutos\" \/>\n<script type=\"application\/ld+json\" class=\"yoast-schema-graph\">{\"@context\":\"https:\\\/\\\/schema.org\",\"@graph\":[{\"@type\":\"WebPage\",\"@id\":\"https:\\\/\\\/dentalincbio.com\\\/contact-us\\\/\",\"url\":\"https:\\\/\\\/dentalincbio.com\\\/contact-us\\\/\",\"name\":\"Contact Us - Dental Inc Biodesign\",\"isPartOf\":{\"@id\":\"https:\\\/\\\/dentalincbio.com\\\/#website\"},\"primaryImageOfPage\":{\"@id\":\"https:\\\/\\\/dentalincbio.com\\\/contact-us\\\/#primaryimage\"},\"image\":{\"@id\":\"https:\\\/\\\/dentalincbio.com\\\/contact-us\\\/#primaryimage\"},\"thumbnailUrl\":\"http:\\\/\\\/dentalincbio.com\\\/wp-content\\\/uploads\\\/2022\\\/09\\\/Logo-denta-biodesign-home.png\",\"datePublished\":\"2017-04-20T14:56:27+00:00\",\"dateModified\":\"2022-09-23T17:34:57+00:00\",\"breadcrumb\":{\"@id\":\"https:\\\/\\\/dentalincbio.com\\\/contact-us\\\/#breadcrumb\"},\"inLanguage\":\"es\",\"potentialAction\":[{\"@type\":\"ReadAction\",\"target\":[\"https:\\\/\\\/dentalincbio.com\\\/contact-us\\\/\"]}]},{\"@type\":\"ImageObject\",\"inLanguage\":\"es\",\"@id\":\"https:\\\/\\\/dentalincbio.com\\\/contact-us\\\/#primaryimage\",\"url\":\"http:\\\/\\\/dentalincbio.com\\\/wp-content\\\/uploads\\\/2022\\\/09\\\/Logo-denta-biodesign-home.png\",\"contentUrl\":\"http:\\\/\\\/dentalincbio.com\\\/wp-content\\\/uploads\\\/2022\\\/09\\\/Logo-denta-biodesign-home.png\"},{\"@type\":\"BreadcrumbList\",\"@id\":\"https:\\\/\\\/dentalincbio.com\\\/contact-us\\\/#breadcrumb\",\"itemListElement\":[{\"@type\":\"ListItem\",\"position\":1,\"name\":\"Home\",\"item\":\"https:\\\/\\\/dentalincbio.com\\\/\"},{\"@type\":\"ListItem\",\"position\":2,\"name\":\"Contact Us\"}]},{\"@type\":\"WebSite\",\"@id\":\"https:\\\/\\\/dentalincbio.com\\\/#website\",\"url\":\"https:\\\/\\\/dentalincbio.com\\\/\",\"name\":\"Dental Inc Biodesign Matamoros\",\"description\":\"We are specialist. We will work with you to provide a personalized dental plan.\",\"publisher\":{\"@id\":\"https:\\\/\\\/dentalincbio.com\\\/#organization\"},\"potentialAction\":[{\"@type\":\"SearchAction\",\"target\":{\"@type\":\"EntryPoint\",\"urlTemplate\":\"https:\\\/\\\/dentalincbio.com\\\/?s={search_term_string}\"},\"query-input\":{\"@type\":\"PropertyValueSpecification\",\"valueRequired\":true,\"valueName\":\"search_term_string\"}}],\"inLanguage\":\"es\"},{\"@type\":\"Organization\",\"@id\":\"https:\\\/\\\/dentalincbio.com\\\/#organization\",\"name\":\"Dental Biodesign\",\"url\":\"https:\\\/\\\/dentalincbio.com\\\/\",\"logo\":{\"@type\":\"ImageObject\",\"inLanguage\":\"es\",\"@id\":\"https:\\\/\\\/dentalincbio.com\\\/#\\\/schema\\\/logo\\\/image\\\/\",\"url\":\"http:\\\/\\\/dentalincbio.com\\\/wp-content\\\/uploads\\\/2022\\\/09\\\/Logo-denta-biodesign-home.png\",\"contentUrl\":\"http:\\\/\\\/dentalincbio.com\\\/wp-content\\\/uploads\\\/2022\\\/09\\\/Logo-denta-biodesign-home.png\",\"width\":1006,\"height\":585,\"caption\":\"Dental Biodesign\"},\"image\":{\"@id\":\"https:\\\/\\\/dentalincbio.com\\\/#\\\/schema\\\/logo\\\/image\\\/\"},\"sameAs\":[\"https:\\\/\\\/www.facebook.com\\\/dentalbiodesign\\\/\",\"https:\\\/\\\/x.com\\\/dental_inc_mat\",\"https:\\\/\\\/www.instagram.com\\\/dentalbiodesign1\"]}]}<\/script>\n<!-- \/ Yoast SEO plugin. -->","yoast_head_json":{"title":"Contact Us - Dental Inc Biodesign","robots":{"index":"index","follow":"follow","max-snippet":"max-snippet:-1","max-image-preview":"max-image-preview:large","max-video-preview":"max-video-preview:-1"},"canonical":"https:\/\/dentalincbio.com\/es\/contact-us\/","og_locale":"es_MX","og_type":"article","og_title":"Contact Us - Dental Inc Biodesign","og_description":"Matamoros, Tamaulipas. M\u00e9xico Nardos 7, Colonia Jard\u00edn, Heroica Matamoros, Tamaulipas, M\u00e9xico. Call Us (956) 545-9089.\u00a0 Email: hello@dentalincbio.com","og_url":"https:\/\/dentalincbio.com\/es\/contact-us\/","og_site_name":"Dental Inc Biodesign","article_publisher":"https:\/\/www.facebook.com\/dentalbiodesign\/","article_modified_time":"2022-09-23T17:34:57+00:00","og_image":[{"url":"http:\/\/dentalincbio.com\/wp-content\/uploads\/2022\/09\/Logo-denta-biodesign-home.png","type":"","width":"","height":""}],"twitter_card":"summary_large_image","twitter_site":"@dental_inc_mat","twitter_misc":{"Tiempo de lectura":"9 minutos"},"schema":{"@context":"https:\/\/schema.org","@graph":[{"@type":"WebPage","@id":"https:\/\/dentalincbio.com\/contact-us\/","url":"https:\/\/dentalincbio.com\/contact-us\/","name":"Contact Us - Dental Inc Biodesign","isPartOf":{"@id":"https:\/\/dentalincbio.com\/#website"},"primaryImageOfPage":{"@id":"https:\/\/dentalincbio.com\/contact-us\/#primaryimage"},"image":{"@id":"https:\/\/dentalincbio.com\/contact-us\/#primaryimage"},"thumbnailUrl":"http:\/\/dentalincbio.com\/wp-content\/uploads\/2022\/09\/Logo-denta-biodesign-home.png","datePublished":"2017-04-20T14:56:27+00:00","dateModified":"2022-09-23T17:34:57+00:00","breadcrumb":{"@id":"https:\/\/dentalincbio.com\/contact-us\/#breadcrumb"},"inLanguage":"es","potentialAction":[{"@type":"ReadAction","target":["https:\/\/dentalincbio.com\/contact-us\/"]}]},{"@type":"ImageObject","inLanguage":"es","@id":"https:\/\/dentalincbio.com\/contact-us\/#primaryimage","url":"http:\/\/dentalincbio.com\/wp-content\/uploads\/2022\/09\/Logo-denta-biodesign-home.png","contentUrl":"http:\/\/dentalincbio.com\/wp-content\/uploads\/2022\/09\/Logo-denta-biodesign-home.png"},{"@type":"BreadcrumbList","@id":"https:\/\/dentalincbio.com\/contact-us\/#breadcrumb","itemListElement":[{"@type":"ListItem","position":1,"name":"Home","item":"https:\/\/dentalincbio.com\/"},{"@type":"ListItem","position":2,"name":"Contact Us"}]},{"@type":"WebSite","@id":"https:\/\/dentalincbio.com\/#website","url":"https:\/\/dentalincbio.com\/","name":"Dental Inc Biodesign Matamoros","description":"We are specialist. We will work with you to provide a personalized dental plan.","publisher":{"@id":"https:\/\/dentalincbio.com\/#organization"},"potentialAction":[{"@type":"SearchAction","target":{"@type":"EntryPoint","urlTemplate":"https:\/\/dentalincbio.com\/?s={search_term_string}"},"query-input":{"@type":"PropertyValueSpecification","valueRequired":true,"valueName":"search_term_string"}}],"inLanguage":"es"},{"@type":"Organization","@id":"https:\/\/dentalincbio.com\/#organization","name":"Dental Biodesign","url":"https:\/\/dentalincbio.com\/","logo":{"@type":"ImageObject","inLanguage":"es","@id":"https:\/\/dentalincbio.com\/#\/schema\/logo\/image\/","url":"http:\/\/dentalincbio.com\/wp-content\/uploads\/2022\/09\/Logo-denta-biodesign-home.png","contentUrl":"http:\/\/dentalincbio.com\/wp-content\/uploads\/2022\/09\/Logo-denta-biodesign-home.png","width":1006,"height":585,"caption":"Dental Biodesign"},"image":{"@id":"https:\/\/dentalincbio.com\/#\/schema\/logo\/image\/"},"sameAs":["https:\/\/www.facebook.com\/dentalbiodesign\/","https:\/\/x.com\/dental_inc_mat","https:\/\/www.instagram.com\/dentalbiodesign1"]}]}},"_links":{"self":[{"href":"https:\/\/dentalincbio.com\/es\/wp-json\/wp\/v2\/pages\/6663","targetHints":{"allow":["GET"]}}],"collection":[{"href":"https:\/\/dentalincbio.com\/es\/wp-json\/wp\/v2\/pages"}],"about":[{"href":"https:\/\/dentalincbio.com\/es\/wp-json\/wp\/v2\/types\/page"}],"author":[{"embeddable":true,"href":"https:\/\/dentalincbio.com\/es\/wp-json\/wp\/v2\/users\/1"}],"replies":[{"embeddable":true,"href":"https:\/\/dentalincbio.com\/es\/wp-json\/wp\/v2\/comments?post=6663"}],"version-history":[{"count":22,"href":"https:\/\/dentalincbio.com\/es\/wp-json\/wp\/v2\/pages\/6663\/revisions"}],"predecessor-version":[{"id":16612,"href":"https:\/\/dentalincbio.com\/es\/wp-json\/wp\/v2\/pages\/6663\/revisions\/16612"}],"wp:attachment":[{"href":"https:\/\/dentalincbio.com\/es\/wp-json\/wp\/v2\/media?parent=6663"}],"curies":[{"name":"wp","href":"https:\/\/api.w.org\/{rel}","templated":true}]}}